{"id":776,"date":"2021-03-02T12:10:06","date_gmt":"2021-03-02T11:10:06","guid":{"rendered":"https:\/\/www.lamaisonduherisson.com\/legal-mentions\/"},"modified":"2021-03-02T12:10:08","modified_gmt":"2021-03-02T11:10:08","slug":"legal-mentions","status":"publish","type":"page","link":"https:\/\/www.lamaisonduherisson.com\/en\/legal-mentions\/","title":{"rendered":"Legal Mentions"},"content":{"rendered":"<h3>1. Pr\u00e9sentation du site<\/h3>\n<p><strong>Propri\u00e9taire : <br \/><\/strong><b>La Maison du H\u00e9risson<br \/><\/b>EURL LA MAISON DU HERISSON &#8211; Capital social de 3000\u20ac<br \/>Si\u00e8ge social : Route du May, 71960 Fuiss\u00e9<br \/>N\u00b0 de t\u00e9l\u00e9phone : 03 85 50 90 79<\/p>\n<p><b>Directeur de publication : <br \/>La Maison du H\u00e9risson\u2028<\/b><br \/>Si\u00e8ge social : Route du May, 71960 Fuiss\u00e9<br \/>N\u00b0 de t\u00e9l\u00e9phone : 03 85 50 90 79<\/p>\n<p><strong>H\u00e9bergement : <br \/>OVH<br \/><\/strong>2 rue Kellermann &#8211; 59100 Roubaix &#8211; France<\/p>\n<p><strong>Conception et r\u00e9alisation : <br \/>Agence Album, communication globale et digitale<\/strong><br \/><a href=\"http:\/\/www.agencealbum.com\" target=\"_blank\" rel=\"noopener\">www.agencealbum.com<\/a><br \/>album@agencealbum.com<br \/>9 rue Boccard<br \/>BP 82032<br \/>71020 MACON Cedex 9<\/p>\n<h3>\u00a0<\/h3>\n<h3>2. Confidentialit\u00e9<\/h3>\n<p><b>La Maison du H\u00e9risson<\/b>\u00a0n\u2019enregistre pas d\u2019informations personnelles permettant l\u2019identification, \u00e0 l\u2019exception des formulaires que l\u2019utilisateur est libre de remplir. Ces informations ne seront pas utilis\u00e9es sans votre accord, nous les utiliserons seulement pour vous adresser des courriers, des brochures, des devis ou vous contacter.<br \/>Les informations recueillies sur les sites b\u00e9n\u00e9ficient de la protection de la loi \u00ab Informatique et Libert\u00e9s \u00bb n\u00b0 78-17 du 06 janvier 1978. Elles b\u00e9n\u00e9ficient d\u2019un droit d\u2019acc\u00e8s, de rectification, d\u2019opposition \u00e0 communication et de suppression sur simple demande \u00e0 contact@lamaisonduherisson.com<\/p>\n<h3>\u00a0<\/h3>\n<h3>3. Droit d\u2019auteur et propri\u00e9t\u00e9 intellectuelle<\/h3>\n<p>Les textes, photos, images composant ce site sont la propri\u00e9t\u00e9 de La Maison du H\u00e9risson. Toute reproduction, repr\u00e9sentation, adaptation, traduction et\/ou modification, partielle ou int\u00e9grale ou transfert sur un autre site ou tout autre support sont interdits.<br \/>Cr\u00e9dits photos : La Maison du H\u00e9risson<\/p>\n<h3>\u00a0<\/h3>\n<h3>4. Liens hypertexte<\/h3>\n<p><b>La Maison du H\u00e9risson<\/b> ne contr\u00f4le pas les sites en connexion avec le sien, et ne saurait donc \u00eatre responsable de leur contenu. Les risques li\u00e9s \u00e0 l\u2019utilisation de ces sites incombent pleinement \u00e0 l\u2019utilisateur. Il se conformera \u00e0 leurs conditions d\u2019utilisation.<\/p>\n<h3>\u00a0<\/h3>\n<h3>5. Cookies<\/h3>\n<p><a href=\"https:\/\/www.lamaisonduherisson.com\/?lang=en\"><b>www.lamaisonduherisson.com<\/b><\/a> est susceptible de traiter les informations de l\u2019Utilisateur concernant sa visite du Site, telles que les pages consult\u00e9es, les recherches effectu\u00e9es. Ces informations permettent \u00e0 <a href=\"https:\/\/www.lamaisonduherisson.com\/?lang=en\"><b>www.lamaisonduherisson.com<\/b><\/a> d\u2019am\u00e9liorer le contenu du Site, de la navigation de l\u2019Utilisateur.<br \/>Les Cookies facilitant la navigation et\/ou la fourniture des services propos\u00e9s par le Site, l\u2019Utilisateur peut configurer son navigateur pour qu\u2019il lui permette de d\u00e9cider s\u2019il souhaite ou non les accepter de mani\u00e8re que des Cookies soient enregistr\u00e9s dans le terminal ou, au contraire, qu\u2019ils soient rejet\u00e9s, soit syst\u00e9matiquement, soit selon leur \u00e9metteur. L\u2019Utilisateur peut \u00e9galement configurer son logiciel de navigation de mani\u00e8re que l\u2019acceptation ou le refus des Cookies lui soient propos\u00e9s ponctuellement, avant qu\u2019un Cookie soit susceptible d\u2019\u00eatre enregistr\u00e9 dans son terminal. <a href=\"https:\/\/www.lamaisonduherisson.com\/?lang=en\"><b>www.lamaisonduherisson.com<\/b><\/a> informe l\u2019Utilisateur que, dans ce cas, il se peut que les fonctionnalit\u00e9s de son logiciel de navigation ne soient pas toutes disponibles.<br \/>Si l\u2019Utilisateur refuse l\u2019enregistrement de Cookies dans son terminal ou son navigateur, ou si l\u2019Utilisateur supprime ceux qui y sont enregistr\u00e9s, l\u2019Utilisateur est inform\u00e9 que sa navigation et son exp\u00e9rience sur le Site peuvent \u00eatre limit\u00e9es. Cela pourrait \u00e9galement \u00eatre le cas lorsque <a href=\"https:\/\/www.lamaisonduherisson.com\/?lang=en\"><b>www.lamaisonduherisson.com<\/b><\/a> ou l\u2019un de ses prestataires ne peut pas reconna\u00eetre, \u00e0 des fins de compatibilit\u00e9 technique, le type de navigateur utilis\u00e9 par le terminal, les param\u00e8tres de langue et d\u2019affichage ou le pays depuis lequel le terminal semble connect\u00e9 \u00e0 Internet.<br \/>Le cas \u00e9ch\u00e9ant, <a href=\"https:\/\/www.lamaisonduherisson.com\/?lang=en\"><b>www.lamaisonduherisson.com<\/b><\/a> d\u00e9cline toute responsabilit\u00e9 pour les cons\u00e9quences li\u00e9es au fonctionnement d\u00e9grad\u00e9 du Site et des services \u00e9ventuellement propos\u00e9s par <a href=\"https:\/\/www.lamaisonduherisson.com\/?lang=en\"><b>www.lamaisonduherisson.com<\/b><\/a>, r\u00e9sultant du refus de Cookies par l\u2019Utilisateur de l\u2019impossibilit\u00e9 pour <a href=\"https:\/\/www.lamaisonduherisson.com\/?lang=en\"><b>www.lamaisonduherisson.com<\/b><\/a> d\u2019enregistrer ou de consulter les Cookies n\u00e9cessaires \u00e0 leur fonctionnement du fait du choix de l\u2019Utilisateur. Pour la gestion des Cookies et des choix de l\u2019Utilisateur, la configuration de chaque navigateur est diff\u00e9rente. Elle est d\u00e9crite dans le menu d\u2019aide du navigateur, qui permettra de savoir de quelle mani\u00e8re l\u2019Utilisateur peut modifier ses souhaits en mati\u00e8re de Cookies.<br \/>\u00c0 tout moment, l\u2019Utilisateur peut faire le choix d\u2019exprimer et de modifier ses souhaits en mati\u00e8re de Cookies. <a href=\"https:\/\/www.lamaisonduherisson.com\/?lang=en\"><b>www.lamaisonduherisson.com<\/b><\/a> pourra en outre faire appel aux services de prestataires externes pour l\u2019aider \u00e0 recueillir et traiter les informations d\u00e9crites dans cette section.<br \/>Ces types de cookies ne sont d\u00e9pos\u00e9s sur vos terminaux qu\u2019\u00e0 condition que vous y consentiez, en continuant votre navigation sur le Site Internet ou l\u2019application mobile de <a href=\"https:\/\/www.lamaisonduherisson.com\/?lang=en\"><b>www.lamaisonduherisson.com<\/b><\/a>. \u00c0 tout moment, l\u2019Utilisateur peut n\u00e9anmoins revenir sur son consentement \u00e0 ce que <a href=\"https:\/\/www.lamaisonduherisson.com\/?lang=en\"><b>www.lamaisonduherisson.com<\/b><\/a> d\u00e9pose ce type de cookies.<\/p>\n<p>\u00a0<\/p>\n<h3>6. Droit applicable et attribution de juridiction<\/h3>\n<p>Tout litige en relation avec l\u2019utilisation du site <a href=\"https:\/\/www.lamaisonduherisson.com\/?lang=en\">https:\/\/www.lamaisonduherisson.com\/<\/a> est soumis au droit fran\u00e7ais. En dehors des cas o\u00f9 la loi ne le permet pas, il est fait attribution exclusive de juridiction aux tribunaux comp\u00e9tents de Paris.\u00a0<\/p>\n<p>\u00a0<\/p>\n<p>\u00a0<\/p>\n\n<p><\/p>\n","protected":false},"excerpt":{"rendered":"<p>1. Pr\u00e9sentation du site Propri\u00e9taire : La Maison du H\u00e9rissonEURL LA MAISON DU HERISSON &#8211; Capital social de 3000\u20acSi\u00e8ge social : Route du May, 71960 Fuiss\u00e9N\u00b0 de t\u00e9l\u00e9phone : 03 85 50 90 79 Directeur de publication : La Maison du H\u00e9risson\u2028Si\u00e8ge social : Route du May, 71960 Fuiss\u00e9N\u00b0 de t\u00e9l\u00e9phone : 03 85 50 &hellip; <a href=\"https:\/\/www.lamaisonduherisson.com\/en\/legal-mentions\/\" class=\"more-link\">Continue reading<span class=\"screen-reader-text\"> &#8220;Legal Mentions&#8221;<\/span><\/a><\/p>\n","protected":false},"author":1,"featured_media":0,"parent":0,"menu_order":0,"comment_status":"closed","ping_status":"closed","template":"","meta":{"footnotes":""},"acf":[],"yoast_head":"<!-- This site is optimized with the Yoast SEO plugin v21.5 - https:\/\/yoast.com\/wordpress\/plugins\/seo\/ -->\n<title>Legal Mentions - La maison du H\u00e9risson<\/title>\n<meta name=\"robots\" content=\"noindex, nofollow\" \/>\n<meta property=\"og:locale\" content=\"en_US\" \/>\n<meta property=\"og:type\" content=\"article\" \/>\n<meta property=\"og:title\" content=\"Legal Mentions - La maison du H\u00e9risson\" \/>\n<meta property=\"og:description\" content=\"1. Pr\u00e9sentation du site Propri\u00e9taire : La Maison du H\u00e9rissonEURL LA MAISON DU HERISSON &#8211; Capital social de 3000\u20acSi\u00e8ge social : Route du May, 71960 Fuiss\u00e9N\u00b0 de t\u00e9l\u00e9phone : 03 85 50 90 79 Directeur de publication : La Maison du H\u00e9risson\u2028Si\u00e8ge social : Route du May, 71960 Fuiss\u00e9N\u00b0 de t\u00e9l\u00e9phone : 03 85 50 &hellip; Continue reading &quot;Legal Mentions&quot;\" \/>\n<meta property=\"og:url\" content=\"https:\/\/www.lamaisonduherisson.com\/en\/legal-mentions\/\" \/>\n<meta property=\"og:site_name\" content=\"La maison du H\u00e9risson\" \/>\n<meta property=\"article:modified_time\" content=\"2021-03-02T11:10:08+00:00\" \/>\n<meta name=\"twitter:card\" content=\"summary_large_image\" \/>\n<meta name=\"twitter:label1\" content=\"Est. reading time\" \/>\n\t<meta name=\"twitter:data1\" content=\"4 minutes\" \/>\n<script type=\"application\/ld+json\" class=\"yoast-schema-graph\">{\"@context\":\"https:\/\/schema.org\",\"@graph\":[{\"@type\":\"WebPage\",\"@id\":\"https:\/\/www.lamaisonduherisson.com\/en\/legal-mentions\/\",\"url\":\"https:\/\/www.lamaisonduherisson.com\/en\/legal-mentions\/\",\"name\":\"Legal Mentions - La maison du H\u00e9risson\",\"isPartOf\":{\"@id\":\"https:\/\/www.lamaisonduherisson.com\/#website\"},\"datePublished\":\"2021-03-02T11:10:06+00:00\",\"dateModified\":\"2021-03-02T11:10:08+00:00\",\"breadcrumb\":{\"@id\":\"https:\/\/www.lamaisonduherisson.com\/en\/legal-mentions\/#breadcrumb\"},\"inLanguage\":\"en-US\",\"potentialAction\":[{\"@type\":\"ReadAction\",\"target\":[\"https:\/\/www.lamaisonduherisson.com\/en\/legal-mentions\/\"]}]},{\"@type\":\"BreadcrumbList\",\"@id\":\"https:\/\/www.lamaisonduherisson.com\/en\/legal-mentions\/#breadcrumb\",\"itemListElement\":[{\"@type\":\"ListItem\",\"position\":1,\"name\":\"Accueil\",\"item\":\"https:\/\/www.lamaisonduherisson.com\/en\/\"},{\"@type\":\"ListItem\",\"position\":2,\"name\":\"Legal Mentions\"}]},{\"@type\":\"WebSite\",\"@id\":\"https:\/\/www.lamaisonduherisson.com\/#website\",\"url\":\"https:\/\/www.lamaisonduherisson.com\/\",\"name\":\"La maison du H\u00e9risson\",\"description\":\"\",\"publisher\":{\"@id\":\"https:\/\/www.lamaisonduherisson.com\/#organization\"},\"potentialAction\":[{\"@type\":\"SearchAction\",\"target\":{\"@type\":\"EntryPoint\",\"urlTemplate\":\"https:\/\/www.lamaisonduherisson.com\/?s={search_term_string}\"},\"query-input\":\"required name=search_term_string\"}],\"inLanguage\":\"en-US\"},{\"@type\":\"Organization\",\"@id\":\"https:\/\/www.lamaisonduherisson.com\/#organization\",\"name\":\"La Maison du H\u00e9risson\",\"url\":\"https:\/\/www.lamaisonduherisson.com\/\",\"logo\":{\"@type\":\"ImageObject\",\"inLanguage\":\"en-US\",\"@id\":\"https:\/\/www.lamaisonduherisson.com\/#\/schema\/logo\/image\/\",\"url\":\"https:\/\/www.lamaisonduherisson.com\/wp-content\/uploads\/la-maison-du-herisson-116.jpg\",\"contentUrl\":\"https:\/\/www.lamaisonduherisson.com\/wp-content\/uploads\/la-maison-du-herisson-116.jpg\",\"width\":534,\"height\":800,\"caption\":\"La Maison du H\u00e9risson\"},\"image\":{\"@id\":\"https:\/\/www.lamaisonduherisson.com\/#\/schema\/logo\/image\/\"}}]}<\/script>\n<!-- \/ Yoast SEO plugin. -->","yoast_head_json":{"title":"Legal Mentions - La maison du H\u00e9risson","robots":{"index":"noindex","follow":"nofollow"},"og_locale":"en_US","og_type":"article","og_title":"Legal Mentions - La maison du H\u00e9risson","og_description":"1. Pr\u00e9sentation du site Propri\u00e9taire : La Maison du H\u00e9rissonEURL LA MAISON DU HERISSON &#8211; Capital social de 3000\u20acSi\u00e8ge social : Route du May, 71960 Fuiss\u00e9N\u00b0 de t\u00e9l\u00e9phone : 03 85 50 90 79 Directeur de publication : La Maison du H\u00e9risson\u2028Si\u00e8ge social : Route du May, 71960 Fuiss\u00e9N\u00b0 de t\u00e9l\u00e9phone : 03 85 50 &hellip; Continue reading \"Legal Mentions\"","og_url":"https:\/\/www.lamaisonduherisson.com\/en\/legal-mentions\/","og_site_name":"La maison du H\u00e9risson","article_modified_time":"2021-03-02T11:10:08+00:00","twitter_card":"summary_large_image","twitter_misc":{"Est. reading time":"4 minutes"},"schema":{"@context":"https:\/\/schema.org","@graph":[{"@type":"WebPage","@id":"https:\/\/www.lamaisonduherisson.com\/en\/legal-mentions\/","url":"https:\/\/www.lamaisonduherisson.com\/en\/legal-mentions\/","name":"Legal Mentions - La maison du H\u00e9risson","isPartOf":{"@id":"https:\/\/www.lamaisonduherisson.com\/#website"},"datePublished":"2021-03-02T11:10:06+00:00","dateModified":"2021-03-02T11:10:08+00:00","breadcrumb":{"@id":"https:\/\/www.lamaisonduherisson.com\/en\/legal-mentions\/#breadcrumb"},"inLanguage":"en-US","potentialAction":[{"@type":"ReadAction","target":["https:\/\/www.lamaisonduherisson.com\/en\/legal-mentions\/"]}]},{"@type":"BreadcrumbList","@id":"https:\/\/www.lamaisonduherisson.com\/en\/legal-mentions\/#breadcrumb","itemListElement":[{"@type":"ListItem","position":1,"name":"Accueil","item":"https:\/\/www.lamaisonduherisson.com\/en\/"},{"@type":"ListItem","position":2,"name":"Legal Mentions"}]},{"@type":"WebSite","@id":"https:\/\/www.lamaisonduherisson.com\/#website","url":"https:\/\/www.lamaisonduherisson.com\/","name":"La maison du H\u00e9risson","description":"","publisher":{"@id":"https:\/\/www.lamaisonduherisson.com\/#organization"},"potentialAction":[{"@type":"SearchAction","target":{"@type":"EntryPoint","urlTemplate":"https:\/\/www.lamaisonduherisson.com\/?s={search_term_string}"},"query-input":"required name=search_term_string"}],"inLanguage":"en-US"},{"@type":"Organization","@id":"https:\/\/www.lamaisonduherisson.com\/#organization","name":"La Maison du H\u00e9risson","url":"https:\/\/www.lamaisonduherisson.com\/","logo":{"@type":"ImageObject","inLanguage":"en-US","@id":"https:\/\/www.lamaisonduherisson.com\/#\/schema\/logo\/image\/","url":"https:\/\/www.lamaisonduherisson.com\/wp-content\/uploads\/la-maison-du-herisson-116.jpg","contentUrl":"https:\/\/www.lamaisonduherisson.com\/wp-content\/uploads\/la-maison-du-herisson-116.jpg","width":534,"height":800,"caption":"La Maison du H\u00e9risson"},"image":{"@id":"https:\/\/www.lamaisonduherisson.com\/#\/schema\/logo\/image\/"}}]}},"_links":{"self":[{"href":"https:\/\/www.lamaisonduherisson.com\/en\/wp-json\/wp\/v2\/pages\/776"}],"collection":[{"href":"https:\/\/www.lamaisonduherisson.com\/en\/wp-json\/wp\/v2\/pages"}],"about":[{"href":"https:\/\/www.lamaisonduherisson.com\/en\/wp-json\/wp\/v2\/types\/page"}],"author":[{"embeddable":true,"href":"https:\/\/www.lamaisonduherisson.com\/en\/wp-json\/wp\/v2\/users\/1"}],"replies":[{"embeddable":true,"href":"https:\/\/www.lamaisonduherisson.com\/en\/wp-json\/wp\/v2\/comments?post=776"}],"version-history":[{"count":3,"href":"https:\/\/www.lamaisonduherisson.com\/en\/wp-json\/wp\/v2\/pages\/776\/revisions"}],"predecessor-version":[{"id":779,"href":"https:\/\/www.lamaisonduherisson.com\/en\/wp-json\/wp\/v2\/pages\/776\/revisions\/779"}],"wp:attachment":[{"href":"https:\/\/www.lamaisonduherisson.com\/en\/wp-json\/wp\/v2\/media?parent=776"}],"curies":[{"name":"wp","href":"https:\/\/api.w.org\/{rel}","templated":true}]}}